{"id":80,"date":"2015-08-12T14:34:48","date_gmt":"2015-08-12T14:34:48","guid":{"rendered":"http:\/\/genre-no.com\/?page_id=80"},"modified":"2015-08-13T12:55:12","modified_gmt":"2015-08-13T12:55:12","slug":"cubus","status":"publish","type":"page","link":"http:\/\/genre-no.com\/?page_id=80","title":{"rendered":"CUBUS"},"content":{"rendered":"<p><a href=\"http:\/\/genre-no.com\/wp-content\/uploads\/2015\/08\/Cubus-1.jpg\" target=\"_blank\"><img loading=\"lazy\" decoding=\"async\" class=\"  aligncenter wp-image-82\" src=\"http:\/\/genre-no.com\/wp-content\/uploads\/2015\/08\/Cubus-1-1024x682.jpg\" alt=\"Cubus\" width=\"530\" height=\"353\" srcset=\"http:\/\/genre-no.com\/wp-content\/uploads\/2015\/08\/Cubus-1-1024x682.jpg 1024w, http:\/\/genre-no.com\/wp-content\/uploads\/2015\/08\/Cubus-1-300x200.jpg 300w, http:\/\/genre-no.com\/wp-content\/uploads\/2015\/08\/Cubus-1-83x55.jpg 83w, http:\/\/genre-no.com\/wp-content\/uploads\/2015\/08\/Cubus-1.jpg 2000w\" sizes=\"auto, (max-width: 530px) 100vw, 530px\" \/><\/a><\/p>\n<p>&nbsp;<\/p>\n<p style=\"text-align: center;\"><strong>Wer h\u00f6ren kann, wird f\u00fchlen!\u00a0<\/strong><\/p>\n<p>Wer schon einmal einen Auftritt des jungen Produzenten- und DJs Cubus erlebt hat, wird diese Aussage best\u00e4tigen. Der Newcomer lebt seinen Sound, als g\u00e4be es keinen Morgen. In seinen Sets werden Spannunugskurven aufgezogen wie in klassischen Dramen und B\u00e4sse knallen auf das feiernde Publikum wie damals die Bomben der Amerikaner.<\/p>\n<p>Anders als viele andere Acts legt Cubus Wert darauf, eigene Tracks und Live-Elemente einzubauen. Durch vor Ort eingespielte Drums, einem knallenden Feuerwerk aus Samples oder durch eigene, live auf der B\u00fchne performte Tracks, hat er es bisher jedes Mal geschafft, den Geschmack aller Anwesenden zu treffen und gleichzeitig den Puls der Zeit nicht zu verfehlen.<\/p>\n<p>Und auch an eigenem kreativem Output mangelt es nichtt: Bereits etliche digitale und kommende Vinyl-Releases, u.a. auf dem Berliner Newcomer Label THANK YOU JACK, welches bereits Gr\u00f6\u00dfen wie Nikola Gala (Rekids), The Rythm Odyssee (Rekids) oder bald auch Finnebassen gesigned hat, Zuckerton (Klangk\u00fcnstler), Deep8 (UK) oder ADRO (UKR) sprechen f\u00fcr sich.<\/p>\n<p>&nbsp;<br \/>\n<code><br \/>\n<iframe loading=\"lazy\" src=\"https:\/\/w.soundcloud.com\/player\/?url=https%3A\/\/api.soundcloud.com\/users\/520134&amp;color=ff5500&amp;auto_play=false&amp;hide_related=false&amp;show_comments=true&amp;show_user=true&amp;show_reposts=false\" width=\"100%\" height=\"450\" frameborder=\"no\" scrolling=\"no\"><\/iframe><br \/>\n<\/code><br \/>\n&nbsp;<\/p>\n","protected":false},"excerpt":{"rendered":"<p>&nbsp; Wer h\u00f6ren kann, wird f\u00fchlen!\u00a0 Wer schon einmal einen Auftritt des jungen [&hellip;]<\/p>\n","protected":false},"author":1,"featured_media":83,"parent":298,"menu_order":6,"comment_status":"closed","ping_status":"closed","template":"page-templates\/full-width.php","meta":{"_exactmetrics_skip_tracking":false,"_exactmetrics_sitenote_active":false,"_exactmetrics_sitenote_note":"","_exactmetrics_sitenote_category":0,"footnotes":""},"class_list":["post-80","page","type-page","status-publish","has-post-thumbnail","hentry"],"_links":{"self":[{"href":"http:\/\/genre-no.com\/index.php?rest_route=\/wp\/v2\/pages\/80","targetHints":{"allow":["GET"]}}],"collection":[{"href":"http:\/\/genre-no.com\/index.php?rest_route=\/wp\/v2\/pages"}],"about":[{"href":"http:\/\/genre-no.com\/index.php?rest_route=\/wp\/v2\/types\/page"}],"author":[{"embeddable":true,"href":"http:\/\/genre-no.com\/index.php?rest_route=\/wp\/v2\/users\/1"}],"replies":[{"embeddable":true,"href":"http:\/\/genre-no.com\/index.php?rest_route=%2Fwp%2Fv2%2Fcomments&post=80"}],"version-history":[{"count":4,"href":"http:\/\/genre-no.com\/index.php?rest_route=\/wp\/v2\/pages\/80\/revisions"}],"predecessor-version":[{"id":347,"href":"http:\/\/genre-no.com\/index.php?rest_route=\/wp\/v2\/pages\/80\/revisions\/347"}],"up":[{"embeddable":true,"href":"http:\/\/genre-no.com\/index.php?rest_route=\/wp\/v2\/pages\/298"}],"wp:featuredmedia":[{"embeddable":true,"href":"http:\/\/genre-no.com\/index.php?rest_route=\/wp\/v2\/media\/83"}],"wp:attachment":[{"href":"http:\/\/genre-no.com\/index.php?rest_route=%2Fwp%2Fv2%2Fmedia&parent=80"}],"curies":[{"name":"wp","href":"https:\/\/api.w.org\/{rel}","templated":true}]}}