{"id":78,"date":"2015-08-12T14:32:18","date_gmt":"2015-08-12T14:32:18","guid":{"rendered":"http:\/\/genre-no.com\/?page_id=78"},"modified":"2015-08-13T12:55:55","modified_gmt":"2015-08-13T12:55:55","slug":"pixxxe","status":"publish","type":"page","link":"http:\/\/genre-no.com\/?page_id=78","title":{"rendered":"PIXXXE"},"content":{"rendered":"<p>&nbsp;<\/p>\n<p><a href=\"http:\/\/genre-no.com\/wp-content\/uploads\/2015\/08\/Pixxe-6.jpg\" target=\"_blank\"><img loading=\"lazy\" decoding=\"async\" class=\" wp-image-97 alignleft\" src=\"http:\/\/genre-no.com\/wp-content\/uploads\/2015\/08\/Pixxe-6.jpg\" alt=\"Pixxe-6\" width=\"392\" height=\"588\" srcset=\"http:\/\/genre-no.com\/wp-content\/uploads\/2015\/08\/Pixxe-6.jpg 370w, http:\/\/genre-no.com\/wp-content\/uploads\/2015\/08\/Pixxe-6-200x300.jpg 200w, http:\/\/genre-no.com\/wp-content\/uploads\/2015\/08\/Pixxe-6-37x55.jpg 37w\" sizes=\"auto, (max-width: 392px) 100vw, 392px\" \/><\/a><\/p>\n<p>Mahagoni-M\u00f6bel zieren den Raum. Der angenehme Duft einer frisch angez\u00fcndeten Pfeife beherrscht die Luft. Das Knistern l\u00e4ngst vergessener Platten massiert den Geh\u00f6rgang. Und mittendrin schl\u00e4gt ein Herz f\u00fcr jede Gattung der menschlichen Musikgeschichte wohlbeh\u00fctet im wippenden Pectus von Pixxxe.<\/p>\n<p>Eine Etage tiefer. Zwischen Spinnenweben und altem Ger\u00fcmpel fand Pixxxe mit 16 Jahren das Instrument seiner Zukunft: Einen alten Denon GP 57L. Dieser und eine herumliegende Winnetou-Platte \u2013 die ausschlie\u00dflich zum Scratchen herhalten musste &#8211; sorgten f\u00fcr eine enge Blutsbr\u00fcderschaft zwischen Mensch und Maschine. Die in ihm schlummernde Leidenschaft zum Hip-Hop hatte nun endlich ihr Ventil gefunden.<\/p>\n<p>Und er war nicht allein: Ein zusammengew\u00fcrfeltes Rudel von\u00a0 Djs, Rappern und Grafik-Designern gruben tiefe L\u00f6cher im Garten \u201eHip-Hop\u201c sodass das Musiklabel \u201eOH-DOG!\u201c nicht nur ein paar nickende K\u00f6pfe unterhielt sondern sich zu einer regelrechten Bewegung im s\u00fcddeutschen Raum etablierte.<\/p>\n<p>Gepr\u00e4gt von dieser Zeit und weiteren musikalischen Expeditionen erfrischt er seine H\u00f6rer mit exotischen Fr\u00fcchten aus dem Vinyl-Dschungel. Hier werden keine abgedroschenen Mixtapes serviert. Vielmehr erz\u00e4hlt uns Pixxxe durch seine Live-Sets Geschichten die er anhand von Zutaten aus allen erdenklichen Genren zusammenschmei\u00dft, fein r\u00fchrend abgestimmt durch das Streicheln einer Plattennadel ergibt sich so ein Zaubertrank dem selbst Miracolix nicht das Wasser reichen kann. Und davon durften bereits einige kosten: Als Voract von Torch, Das Bo, DJ Stylewarz, DJ Vito (Support von Samy Deluxe, Afrob, Denyo) durfte das Publikum eine geh\u00f6rige Portion \u201ePixxxeness\u201c kosten. (Irgendwas mit Abgang noch rein)<\/p>\n<p>Abschlie\u00dfend d\u00fcrfen wir einem h\u00f6heren Wesen danken, dass Pixxxe seine Sch\u00e4tze nicht im stillen K\u00e4mmerlein beh\u00fctet sondern versucht, sie an m\u00f6glichst viele Menschen weiterzugeben. Getreu seiner obersten Pr\u00e4misse, welche da lautet:<\/p>\n<p>\u201eEs gibt Reicht\u00fcmer an denen man zugrunde geht, wenn man sie nicht mit anderen Teilen kann.\u201c\u00a0 \u00a0 -Michael Ende<br \/>\n<code><iframe loading=\"lazy\" src=\"https:\/\/w.soundcloud.com\/player\/?url=https%3A\/\/api.soundcloud.com\/users\/12383001&amp;color=ff5500&amp;auto_play=false&amp;hide_related=false&amp;show_comments=true&amp;show_user=true&amp;show_reposts=false\" width=\"100%\" height=\"450\" frameborder=\"no\" scrolling=\"no\"><\/iframe><\/code><\/p>\n<p>&nbsp;<\/p>\n<p style=\"text-align: center;\"><div class=\"twocol-one\">\n<p style=\"text-align: center;\"><img loading=\"lazy\" decoding=\"async\" class=\"alignnone wp-image-95\" src=\"http:\/\/genre-no.com\/wp-content\/uploads\/2015\/08\/Pixxe-4.jpg\" alt=\"Pixxe-4\" width=\"360\" height=\"271\" srcset=\"http:\/\/genre-no.com\/wp-content\/uploads\/2015\/08\/Pixxe-4.jpg 700w, http:\/\/genre-no.com\/wp-content\/uploads\/2015\/08\/Pixxe-4-300x225.jpg 300w, http:\/\/genre-no.com\/wp-content\/uploads\/2015\/08\/Pixxe-4-73x55.jpg 73w, http:\/\/genre-no.com\/wp-content\/uploads\/2015\/08\/Pixxe-4-160x120.jpg 160w\" sizes=\"auto, (max-width: 360px) 100vw, 360px\" \/><\/p>\n<p style=\"text-align: center;\"><\/div><\/p>\n<p style=\"text-align: center;\"><div class=\"twocol-one last\">\n<p style=\"text-align: center;\"><img loading=\"lazy\" decoding=\"async\" class=\"  alignnone wp-image-94\" src=\"http:\/\/genre-no.com\/wp-content\/uploads\/2015\/08\/Pixxe-3.jpg\" alt=\"Pixxe-3\" width=\"363\" height=\"272\" srcset=\"http:\/\/genre-no.com\/wp-content\/uploads\/2015\/08\/Pixxe-3.jpg 700w, http:\/\/genre-no.com\/wp-content\/uploads\/2015\/08\/Pixxe-3-300x225.jpg 300w, http:\/\/genre-no.com\/wp-content\/uploads\/2015\/08\/Pixxe-3-73x55.jpg 73w, http:\/\/genre-no.com\/wp-content\/uploads\/2015\/08\/Pixxe-3-160x120.jpg 160w\" sizes=\"auto, (max-width: 363px) 100vw, 363px\" \/><\/p>\n<p style=\"text-align: center;\"><\/div><\/p>\n","protected":false},"excerpt":{"rendered":"<p>&nbsp; Mahagoni-M\u00f6bel zieren den Raum. Der angenehme Duft einer frisch angez\u00fcndeten Pfeife beherrscht [&hellip;]<\/p>\n","protected":false},"author":1,"featured_media":97,"parent":298,"menu_order":10,"comment_status":"closed","ping_status":"closed","template":"page-templates\/full-width.php","meta":{"_exactmetrics_skip_tracking":false,"_exactmetrics_sitenote_active":false,"_exactmetrics_sitenote_note":"","_exactmetrics_sitenote_category":0,"footnotes":""},"class_list":["post-78","page","type-page","status-publish","has-post-thumbnail","hentry"],"_links":{"self":[{"href":"http:\/\/genre-no.com\/index.php?rest_route=\/wp\/v2\/pages\/78","targetHints":{"allow":["GET"]}}],"collection":[{"href":"http:\/\/genre-no.com\/index.php?rest_route=\/wp\/v2\/pages"}],"about":[{"href":"http:\/\/genre-no.com\/index.php?rest_route=\/wp\/v2\/types\/page"}],"author":[{"embeddable":true,"href":"http:\/\/genre-no.com\/index.php?rest_route=\/wp\/v2\/users\/1"}],"replies":[{"embeddable":true,"href":"http:\/\/genre-no.com\/index.php?rest_route=%2Fwp%2Fv2%2Fcomments&post=78"}],"version-history":[{"count":19,"href":"http:\/\/genre-no.com\/index.php?rest_route=\/wp\/v2\/pages\/78\/revisions"}],"predecessor-version":[{"id":350,"href":"http:\/\/genre-no.com\/index.php?rest_route=\/wp\/v2\/pages\/78\/revisions\/350"}],"up":[{"embeddable":true,"href":"http:\/\/genre-no.com\/index.php?rest_route=\/wp\/v2\/pages\/298"}],"wp:featuredmedia":[{"embeddable":true,"href":"http:\/\/genre-no.com\/index.php?rest_route=\/wp\/v2\/media\/97"}],"wp:attachment":[{"href":"http:\/\/genre-no.com\/index.php?rest_route=%2Fwp%2Fv2%2Fmedia&parent=78"}],"curies":[{"name":"wp","href":"https:\/\/api.w.org\/{rel}","templated":true}]}}