{"id":69,"date":"2015-08-12T14:31:17","date_gmt":"2015-08-12T14:31:17","guid":{"rendered":"http:\/\/genre-no.com\/?page_id=69"},"modified":"2015-08-14T14:13:21","modified_gmt":"2015-08-14T14:13:21","slug":"what-ever","status":"publish","type":"page","link":"http:\/\/genre-no.com\/?page_id=69","title":{"rendered":"WHAT EVER"},"content":{"rendered":"<p><img loading=\"lazy\" decoding=\"async\" class=\"  wp-image-385 alignleft\" src=\"http:\/\/genre-no.com\/wp-content\/uploads\/2015\/08\/What-ever.jpg\" alt=\"What-Ever\" width=\"557\" height=\"371\" srcset=\"http:\/\/genre-no.com\/wp-content\/uploads\/2015\/08\/What-ever.jpg 700w, http:\/\/genre-no.com\/wp-content\/uploads\/2015\/08\/What-ever-300x200.jpg 300w, http:\/\/genre-no.com\/wp-content\/uploads\/2015\/08\/What-ever-83x55.jpg 83w\" sizes=\"auto, (max-width: 557px) 100vw, 557px\" \/><\/p>\n<p><em>Ok<\/em>. An dieser Stelle sollen wir jetzt irgendwas von unseren fr\u00fcheren Einfl\u00fcssen schreiben, und einer Biografie die immer wieder impliziert, wie individuell und besonders wir sind und vor allem, wie unsere Musik zu umschmeichelnden Klangextasen f\u00fchrt, die mit perkussiven Elementen auch beim letzten H\u00f6rer im Club das Tanzbein zucken lassen. Das Ganze schreiben wir noch in der dritten Person, damit der Eindruck entsteht als ob das unser Manager verfasst hat.<\/p>\n<p>&nbsp;<\/p>\n<div class=\"clearfix _2pi4\">\n<div class=\"_4bl9\">\n<div class=\"_50f4\">\n<div id=\"id_55cc989b4bc476325513478\" class=\"text_exposed_root text_exposed\">In Wirklichkeit steht dieser \u00fcberbezahlte Charmeur nun vor uns und verlangt, das wir \u00fcber unser Deb\u00fct \u201eTasty Naste\u201c auf Heulsuse erz\u00e4hlen, dem Label von Hanne &amp; Lore \u2013 besser noch \u2013 unsere Hip-Hop Wurzeln offenlegen um zielgruppen\u00fcbergreifendes Marketing zu treiben. Sollen wir? Remixe f\u00fcr Dompe und dem Berliner Style Rockets Imprint k\u00f6nnten \u00fcbrigens noch die Hashtagrate ankurbeln. Aber eigentlich sitzen wir ohnehin schon an neuen Grooves und greifen zur Klampfe. Ob das jetzt Minimal, Tech, Deep, House oder irgendwas dazwischen ist darfst du selbst entscheiden. What Ever. . .<\/div>\n<\/div>\n<\/div>\n<\/div>\n<p>&nbsp;<\/p>\n<p><code>.<br \/>\n<iframe loading=\"lazy\" src=\"https:\/\/w.soundcloud.com\/player\/?url=https%3A\/\/api.soundcloud.com\/users\/105927947&amp;color=ff5500&amp;auto_play=false&amp;hide_related=false&amp;show_comments=true&amp;show_user=true&amp;show_reposts=false\" width=\"100%\" height=\"450\" frameborder=\"no\" scrolling=\"no\"><\/iframe><br \/>\n<\/code><\/p>\n","protected":false},"excerpt":{"rendered":"<p>Ok. An dieser Stelle sollen wir jetzt irgendwas von unseren fr\u00fcheren Einfl\u00fcssen schreiben, [&hellip;]<\/p>\n","protected":false},"author":1,"featured_media":364,"parent":298,"menu_order":3,"comment_status":"closed","ping_status":"closed","template":"page-templates\/full-width.php","meta":{"_exactmetrics_skip_tracking":false,"_exactmetrics_sitenote_active":false,"_exactmetrics_sitenote_note":"","_exactmetrics_sitenote_category":0,"footnotes":""},"class_list":["post-69","page","type-page","status-publish","has-post-thumbnail","hentry"],"_links":{"self":[{"href":"http:\/\/genre-no.com\/index.php?rest_route=\/wp\/v2\/pages\/69","targetHints":{"allow":["GET"]}}],"collection":[{"href":"http:\/\/genre-no.com\/index.php?rest_route=\/wp\/v2\/pages"}],"about":[{"href":"http:\/\/genre-no.com\/index.php?rest_route=\/wp\/v2\/types\/page"}],"author":[{"embeddable":true,"href":"http:\/\/genre-no.com\/index.php?rest_route=\/wp\/v2\/users\/1"}],"replies":[{"embeddable":true,"href":"http:\/\/genre-no.com\/index.php?rest_route=%2Fwp%2Fv2%2Fcomments&post=69"}],"version-history":[{"count":9,"href":"http:\/\/genre-no.com\/index.php?rest_route=\/wp\/v2\/pages\/69\/revisions"}],"predecessor-version":[{"id":396,"href":"http:\/\/genre-no.com\/index.php?rest_route=\/wp\/v2\/pages\/69\/revisions\/396"}],"up":[{"embeddable":true,"href":"http:\/\/genre-no.com\/index.php?rest_route=\/wp\/v2\/pages\/298"}],"wp:featuredmedia":[{"embeddable":true,"href":"http:\/\/genre-no.com\/index.php?rest_route=\/wp\/v2\/media\/364"}],"wp:attachment":[{"href":"http:\/\/genre-no.com\/index.php?rest_route=%2Fwp%2Fv2%2Fmedia&parent=69"}],"curies":[{"name":"wp","href":"https:\/\/api.w.org\/{rel}","templated":true}]}}