{"id":65,"date":"2015-08-12T14:32:48","date_gmt":"2015-08-12T14:32:48","guid":{"rendered":"http:\/\/genre-no.com\/?page_id=65"},"modified":"2015-08-13T12:55:35","modified_gmt":"2015-08-13T12:55:35","slug":"kinky-t","status":"publish","type":"page","link":"http:\/\/genre-no.com\/?page_id=65","title":{"rendered":"KINKY-T"},"content":{"rendered":"<p><a href=\"http:\/\/genre-no.com\/wp-content\/uploads\/2015\/08\/Kinky-T-02.1.jpg\" target=\"_blank\"><img loading=\"lazy\" decoding=\"async\" class=\"alignleft wp-image-222\" src=\"http:\/\/genre-no.com\/wp-content\/uploads\/2015\/08\/Kinky-T-02.1.jpg\" alt=\"Kinky T\" width=\"387\" height=\"518\" srcset=\"http:\/\/genre-no.com\/wp-content\/uploads\/2015\/08\/Kinky-T-02.1.jpg 1000w, http:\/\/genre-no.com\/wp-content\/uploads\/2015\/08\/Kinky-T-02.1-224x300.jpg 224w, http:\/\/genre-no.com\/wp-content\/uploads\/2015\/08\/Kinky-T-02.1-765x1024.jpg 765w, http:\/\/genre-no.com\/wp-content\/uploads\/2015\/08\/Kinky-T-02.1-41x55.jpg 41w\" sizes=\"auto, (max-width: 387px) 100vw, 387px\" \/><\/a>Wenn Polternde Subb\u00e4sse und minimale Kl\u00e4nge ert\u00f6nen,\u00a0welche begleitet von verspielten Percussions weit durch den Raum hallen,\u00a0steht\u00a0wahrscheinlich Kinky grade an den Decks oder sitzt vor einem seiner neuen Spielzeuge im Studio.<\/p>\n<p>Obwohl erst Anfang 30,\u00a0 geh\u00f6rt er doch mehr zum alten Eisen. Er jagte schon Platten mit \u00fcber 140 BPM \u00fcber die Decks, als die meisten der heutigen H\u00f6rer, gerade ihre Backstreet Boys Poster von den W\u00e4nden ihrer Kinderzimmern verschwinden lie\u00dfen.<\/p>\n<p>In\u00a0gut sortierten Plattenl\u00e4den, zwischen dem Duft von Vinyl und dem knistern der Nadeln, f\u00fchlt er sich wohl. Von MP3s und MicroChips will der Mann nichts wissen. Besonders nicht wenn es Musik geht&#8230;!<\/p>\n<p>Doch nicht nur an Plattentellern ist Kinky T noch ganz alte Schule. Im Studio vertraut er am liebsten auf seine Analogen Spielzeuge\u00a0die oft und gerne auch \u00e4lter sein d\u00fcrften als so mancher unserer Artists. So sehen seine Songs meistens, erst\u00a0einen Rechner, wenn er sie zum Mastern verschickt.<\/p>\n<p>Echte Maschinen, echte LFOs und wahre\u00a0Gef\u00fchle,\u00a0gepresst\u00a0auf echtes Vinyl. Trifft sowas auf richtige\u00a0Fans in richtigen\u00a0Clubs entsteht aus ein paar T\u00f6nen, Magie&#8230; und so mag das der Kinky<\/p>\n<p>&nbsp;<\/p>\n<p>&nbsp;<\/p>\n<p>&nbsp;<\/p>\n<p><code><iframe loading=\"lazy\" src=\"https:\/\/w.soundcloud.com\/player\/?url=https%3A\/\/api.soundcloud.com\/users\/1096397&amp;auto_play=false&amp;hide_related=false&amp;show_comments=true&amp;show_user=true&amp;show_reposts=false&amp;visual=true\" width=\"100%\" height=\"450\" frameborder=\"no\" scrolling=\"no\"><\/iframe><\/code><\/p>\n","protected":false},"excerpt":{"rendered":"<p>Wenn Polternde Subb\u00e4sse und minimale Kl\u00e4nge ert\u00f6nen,\u00a0welche begleitet von verspielten Percussions weit durch [&hellip;]<\/p>\n","protected":false},"author":1,"featured_media":0,"parent":298,"menu_order":8,"comment_status":"closed","ping_status":"closed","template":"page-templates\/full-width.php","meta":{"_exactmetrics_skip_tracking":false,"_exactmetrics_sitenote_active":false,"_exactmetrics_sitenote_note":"","_exactmetrics_sitenote_category":0,"footnotes":""},"class_list":["post-65","page","type-page","status-publish","hentry"],"_links":{"self":[{"href":"http:\/\/genre-no.com\/index.php?rest_route=\/wp\/v2\/pages\/65","targetHints":{"allow":["GET"]}}],"collection":[{"href":"http:\/\/genre-no.com\/index.php?rest_route=\/wp\/v2\/pages"}],"about":[{"href":"http:\/\/genre-no.com\/index.php?rest_route=\/wp\/v2\/types\/page"}],"author":[{"embeddable":true,"href":"http:\/\/genre-no.com\/index.php?rest_route=\/wp\/v2\/users\/1"}],"replies":[{"embeddable":true,"href":"http:\/\/genre-no.com\/index.php?rest_route=%2Fwp%2Fv2%2Fcomments&post=65"}],"version-history":[{"count":7,"href":"http:\/\/genre-no.com\/index.php?rest_route=\/wp\/v2\/pages\/65\/revisions"}],"predecessor-version":[{"id":349,"href":"http:\/\/genre-no.com\/index.php?rest_route=\/wp\/v2\/pages\/65\/revisions\/349"}],"up":[{"embeddable":true,"href":"http:\/\/genre-no.com\/index.php?rest_route=\/wp\/v2\/pages\/298"}],"wp:attachment":[{"href":"http:\/\/genre-no.com\/index.php?rest_route=%2Fwp%2Fv2%2Fmedia&parent=65"}],"curies":[{"name":"wp","href":"https:\/\/api.w.org\/{rel}","templated":true}]}}