{"id":59,"date":"2015-08-11T10:05:16","date_gmt":"2015-08-11T10:05:16","guid":{"rendered":"http:\/\/genre-no.com\/?page_id=59"},"modified":"2015-08-13T12:55:27","modified_gmt":"2015-08-13T12:55:27","slug":"undnu","status":"publish","type":"page","link":"http:\/\/genre-no.com\/?page_id=59","title":{"rendered":"UNDNU"},"content":{"rendered":"<p><a href=\"http:\/\/genre-no.com\/wp-content\/uploads\/2015\/08\/undnu-1.jpg\" target=\"_blank\"><img loading=\"lazy\" decoding=\"async\" class=\"alignleft wp-image-88 \" src=\"http:\/\/genre-no.com\/wp-content\/uploads\/2015\/08\/undnu-1.jpg\" alt=\"undnu\" width=\"395\" height=\"546\" srcset=\"http:\/\/genre-no.com\/wp-content\/uploads\/2015\/08\/undnu-1.jpg 502w, http:\/\/genre-no.com\/wp-content\/uploads\/2015\/08\/undnu-1-217x300.jpg 217w, http:\/\/genre-no.com\/wp-content\/uploads\/2015\/08\/undnu-1-40x55.jpg 40w\" sizes=\"auto, (max-width: 395px) 100vw, 395px\" \/><\/a><\/p>\n<p>Und nun wird es Zeit f\u00fcr avantgardistische Vielfalt, die ihresgleichen sucht. \u201eUnd nu?!\u201c ist die Frage der n\u00e4chsten Generation, die bereits alles erlebt, gesehen und vor allem geh\u00f6rt hat. Und nun braucht man dennoch die Mischung aus Altbew\u00e4hrtem und dem erfrischend Neuen. \u201eUnd nu?!\u201c ist die Antwort, die ein brennender K\u00fcnstler dir gibt, unabh\u00e4ngig davon, wie Feuer und Flamme du bist. Bleibt nun immer noch die Frage: Und nun?!<\/p>\n<p>Fr\u00fch saugt UNDNU den Einfluss orientalischer Kl\u00e4nge mit der Muttermilch auf, hat den Hip-Hop in den Genen und bekommt Stile wie Rock und Blues in die Wiege gelegt &#8211; Takt- und Herzschl\u00e4ge pulsierenden Lebens. Jegliche Versuche, Undnu in ein Gattungs-Geh\u00e4ge zu stecken, scheitern daher kl\u00e4glich, zu wild und ausbruchsstark ist der mit allen Wassern gewaschene K\u00fcnstler.<\/p>\n<p>Die ersten Gehversuche\u00a0 im eigenen House. Kurz darauf swingt der junge Nachwuchs durch den s\u00fcddeutschen Raum und zaubert dank Echtheit und Vielschichtigkeit Jedermann ein L\u00e4cheln auf die Lippen. UNDNU \u00fcberzeugt mit charismatischen Wesen, ekstatischem Auftreten und hinterl\u00e4sst dabei nicht nur Schwei\u00df, Slips und Sehnsucht, sondern auch ausgelaugte Tanzbeine, zerlaufene Schminke und heisere Kehlen. Wer w\u00fcrde sich hier nicht wohl f\u00fchlen? Dennoch ist da dieses Verlangen nach Ausbruch, nach Ver\u00e4nderung, nach etwas Neuem und vor allem nach musikalischer Freiheit, kreativer Kraft und sch\u00f6pferischer Mischung. Und es ist genau diese Gewalt an k\u00fcnstlerischer Wildheit, die UNDNU in seinen Releases zum Leben erweckt.\u00a0 Die Songs gehen weg vom urbanen Chaos gleichklingender Synthies, weg vom Alltagsleben und dem monotonen Arbeitsrhythmus von Kick, Clap und Offbeat-Hihat.<\/p>\n<p>UNDNU Titel nehmen ihre H\u00f6rer mit auf eine Reise in ungeahnte Arrangements, holen zu schnell vergessene \u00c4ren zur\u00fcck in die heutige impulsive Zeit. Und bei aller Zufriedenheit und Innovation bleibt immer noch eine Frage, die sich der K\u00fcnstler nach jedem Release stellt: \u201eUndnu?!\u201c<\/p>\n<p><i>Zufriedenheit bedeutet Stillstand. Stillstand bedeutet Tod.\u00a0 <\/i><\/p>\n<p>&nbsp;<\/p>\n<p>&nbsp;<\/p>\n<p><code> <iframe loading=\"lazy\" src=\"https:\/\/w.soundcloud.com\/player\/?url=https%3A\/\/api.soundcloud.com\/users\/7932635&amp;color=ff5500&amp;auto_play=false&amp;hide_related=false&amp;show_comments=true&amp;show_user=true&amp;show_reposts=false\" width=\"100%\" height=\"450\" frameborder=\"no\" scrolling=\"no\"><\/iframe><br \/>\n<\/code><\/p>\n","protected":false},"excerpt":{"rendered":"<p>Und nun wird es Zeit f\u00fcr avantgardistische Vielfalt, die ihresgleichen sucht. \u201eUnd nu?!\u201c [&hellip;]<\/p>\n","protected":false},"author":1,"featured_media":89,"parent":298,"menu_order":7,"comment_status":"closed","ping_status":"closed","template":"page-templates\/full-width.php","meta":{"_exactmetrics_skip_tracking":false,"_exactmetrics_sitenote_active":false,"_exactmetrics_sitenote_note":"","_exactmetrics_sitenote_category":0,"footnotes":""},"class_list":["post-59","page","type-page","status-publish","has-post-thumbnail","hentry"],"_links":{"self":[{"href":"http:\/\/genre-no.com\/index.php?rest_route=\/wp\/v2\/pages\/59","targetHints":{"allow":["GET"]}}],"collection":[{"href":"http:\/\/genre-no.com\/index.php?rest_route=\/wp\/v2\/pages"}],"about":[{"href":"http:\/\/genre-no.com\/index.php?rest_route=\/wp\/v2\/types\/page"}],"author":[{"embeddable":true,"href":"http:\/\/genre-no.com\/index.php?rest_route=\/wp\/v2\/users\/1"}],"replies":[{"embeddable":true,"href":"http:\/\/genre-no.com\/index.php?rest_route=%2Fwp%2Fv2%2Fcomments&post=59"}],"version-history":[{"count":7,"href":"http:\/\/genre-no.com\/index.php?rest_route=\/wp\/v2\/pages\/59\/revisions"}],"predecessor-version":[{"id":348,"href":"http:\/\/genre-no.com\/index.php?rest_route=\/wp\/v2\/pages\/59\/revisions\/348"}],"up":[{"embeddable":true,"href":"http:\/\/genre-no.com\/index.php?rest_route=\/wp\/v2\/pages\/298"}],"wp:featuredmedia":[{"embeddable":true,"href":"http:\/\/genre-no.com\/index.php?rest_route=\/wp\/v2\/media\/89"}],"wp:attachment":[{"href":"http:\/\/genre-no.com\/index.php?rest_route=%2Fwp%2Fv2%2Fmedia&parent=59"}],"curies":[{"name":"wp","href":"https:\/\/api.w.org\/{rel}","templated":true}]}}