{"id":43,"date":"2015-08-13T02:07:56","date_gmt":"2015-08-13T02:07:56","guid":{"rendered":"http:\/\/genreno.apps-1and1.net\/?page_id=43"},"modified":"2015-08-13T12:54:32","modified_gmt":"2015-08-13T12:54:32","slug":"luca-musto","status":"publish","type":"page","link":"http:\/\/genre-no.com\/?page_id=43","title":{"rendered":"LUCA MUSTO"},"content":{"rendered":"<p><a href=\"http:\/\/genre-no.com\/wp-content\/uploads\/2015\/08\/Luca-Musto-1.jpg\"><img loading=\"lazy\" decoding=\"async\" class=\"  wp-image-86 aligncenter\" src=\"http:\/\/genre-no.com\/wp-content\/uploads\/2015\/08\/Luca-Musto-1-1024x682.jpg\" alt=\"Luca-Musto-1\" width=\"587\" height=\"391\" srcset=\"http:\/\/genre-no.com\/wp-content\/uploads\/2015\/08\/Luca-Musto-1-1024x682.jpg 1024w, http:\/\/genre-no.com\/wp-content\/uploads\/2015\/08\/Luca-Musto-1-300x200.jpg 300w, http:\/\/genre-no.com\/wp-content\/uploads\/2015\/08\/Luca-Musto-1-83x55.jpg 83w, http:\/\/genre-no.com\/wp-content\/uploads\/2015\/08\/Luca-Musto-1.jpg 2000w\" sizes=\"auto, (max-width: 587px) 100vw, 587px\" \/><\/a><\/p>\n<p>&nbsp;<\/p>\n<p style=\"text-align: center;\"><strong>Das Leben ist ein italienischer Stierkampf!<\/strong><\/p>\n<p>Luca Musto steht f\u00fcr soulvolle Tanzmusik die sich mit allen Wassern alter Spaghetti Western und groovegeladener Discobeats gewaschen hat. Zerrende Gitarrenriffs, epische Solos und Ennio Morricone sind ebenso ma\u00dfgeblich f\u00fcr das musikalische Schaffen des DJs- und Produzenten verantwortlich wie Filme und Literatur.<\/p>\n<p style=\"text-align: left;\">Als &#8218;padrino&#8216; \u00fcbernahm er mit seinen Hip-Hop Produktionen kurzerhand das Geschehen im s\u00fcddeutschen Alpenvorland und arbeitete \u00fcberwiegend mit Tigh-Foon und Notredame Records an einer Revolutionierung moderner Rapmusik.<\/p>\n<p style=\"text-align: left;\">Seit 2010 ist er Teil des DJ-Duos Cheese N Onion und konnte vielerorts f\u00fcr kreischende Barkeeperinnen und verdammt gute Musik sorgen. Mit anstehenden Releases auf ShowDJ (Spanien) und RotRaum Music (Kempten\/K\u00f6ln) steht die Karriere des jungen Ganoven in ihren geballten Startl\u00f6chern.<\/p>\n<p><code><br \/>\n<iframe loading=\"lazy\" src=\"https:\/\/w.soundcloud.com\/player\/?url=https%3A\/\/api.soundcloud.com\/users\/25464808&amp;color=ff5500&amp;auto_play=false&amp;hide_related=false&amp;show_comments=true&amp;show_user=true&amp;show_reposts=false\" width=\"100%\" height=\"450\" frameborder=\"no\" scrolling=\"no\"><\/iframe><br \/>\n<\/code><\/p>\n","protected":false},"excerpt":{"rendered":"<p>&nbsp; Das Leben ist ein italienischer Stierkampf! Luca Musto steht f\u00fcr soulvolle Tanzmusik [&hellip;]<\/p>\n","protected":false},"author":1,"featured_media":86,"parent":298,"menu_order":1,"comment_status":"closed","ping_status":"closed","template":"page-templates\/full-width.php","meta":{"_exactmetrics_skip_tracking":false,"_exactmetrics_sitenote_active":false,"_exactmetrics_sitenote_note":"","_exactmetrics_sitenote_category":0,"footnotes":""},"class_list":["post-43","page","type-page","status-publish","has-post-thumbnail","hentry"],"_links":{"self":[{"href":"http:\/\/genre-no.com\/index.php?rest_route=\/wp\/v2\/pages\/43","targetHints":{"allow":["GET"]}}],"collection":[{"href":"http:\/\/genre-no.com\/index.php?rest_route=\/wp\/v2\/pages"}],"about":[{"href":"http:\/\/genre-no.com\/index.php?rest_route=\/wp\/v2\/types\/page"}],"author":[{"embeddable":true,"href":"http:\/\/genre-no.com\/index.php?rest_route=\/wp\/v2\/users\/1"}],"replies":[{"embeddable":true,"href":"http:\/\/genre-no.com\/index.php?rest_route=%2Fwp%2Fv2%2Fcomments&post=43"}],"version-history":[{"count":36,"href":"http:\/\/genre-no.com\/index.php?rest_route=\/wp\/v2\/pages\/43\/revisions"}],"predecessor-version":[{"id":344,"href":"http:\/\/genre-no.com\/index.php?rest_route=\/wp\/v2\/pages\/43\/revisions\/344"}],"up":[{"embeddable":true,"href":"http:\/\/genre-no.com\/index.php?rest_route=\/wp\/v2\/pages\/298"}],"wp:featuredmedia":[{"embeddable":true,"href":"http:\/\/genre-no.com\/index.php?rest_route=\/wp\/v2\/media\/86"}],"wp:attachment":[{"href":"http:\/\/genre-no.com\/index.php?rest_route=%2Fwp%2Fv2%2Fmedia&parent=43"}],"curies":[{"name":"wp","href":"https:\/\/api.w.org\/{rel}","templated":true}]}}