{"id":115,"date":"2015-08-13T02:10:48","date_gmt":"2015-08-13T02:10:48","guid":{"rendered":"http:\/\/genre-no.com\/?page_id=115"},"modified":"2015-08-13T12:54:47","modified_gmt":"2015-08-13T12:54:47","slug":"cheese-n-onion","status":"publish","type":"page","link":"http:\/\/genre-no.com\/?page_id=115","title":{"rendered":"CHEESE N ONION"},"content":{"rendered":"<p><img loading=\"lazy\" decoding=\"async\" class=\"  alignleft wp-image-157\" src=\"http:\/\/genre-no.com\/wp-content\/uploads\/2015\/08\/Pix_Cheese-what-is-this-680x1024.jpg\" alt=\"Cheese N Onion\" width=\"400\" height=\"602\" srcset=\"http:\/\/genre-no.com\/wp-content\/uploads\/2015\/08\/Pix_Cheese-what-is-this-680x1024.jpg 680w, http:\/\/genre-no.com\/wp-content\/uploads\/2015\/08\/Pix_Cheese-what-is-this-199x300.jpg 199w, http:\/\/genre-no.com\/wp-content\/uploads\/2015\/08\/Pix_Cheese-what-is-this-37x55.jpg 37w, http:\/\/genre-no.com\/wp-content\/uploads\/2015\/08\/Pix_Cheese-what-is-this.jpg 1417w\" sizes=\"auto, (max-width: 400px) 100vw, 400px\" \/><\/p>\n<p><em><strong>SAY CHEEESE!<\/strong><\/em><\/p>\n<p><em>Luca Libre und Aman Funk alias padrino &amp; stas, die altbekannte Notredame Produzenten-Combo, ist zur\u00fcck!<\/em><\/p>\n<p>Obwohl die beiden Blaubl\u00fcter mit Charme und Sinn f\u00fcr Literatur nie wirklich &#8222;weg&#8220; waren, erhitzen sie momentan die Gem\u00fcter im s\u00fcddeutschen Hochland mit diversem OhrenschmHouse als ob sie ein Comeback zu feiern h\u00e4tten.<\/p>\n<p>Als DJ und Produzenten-Duo CHEESE N ONION sorgen sie mal hier mal da, mal alleine mal zu zweit, mal Morgens und mal Abends daf\u00fcr, dass technoide Herzschrittmacher h\u00f6her schlagen und selbst Damenpants durch die Gegend fliegen. Nachdem ihre &#8222;Say Cheese! EP&#8220; im Jahr 2011 auf RotRaum Music f\u00fcr reichlich Furore sorgte, folgte ein ausgiebiger Clubmarathon quer durchs Alpenvorland mit Support Gigs f\u00fcr u.a. die STEREO MC&#8217;s, The Disco Boys, PLEASUREKRAFT, Hannes Fischer, Nico Pusch und Teo Moss sowie Raves in eigener Sache in der H\u00f6rbar (Oberstdorf), im Sun Dunes (Pforzheim), im Kn4st (Landshut) oder auf der ISPO (M\u00fcnchen).<\/p>\n<p>Nachdem sie mit ihrem eigenem Label GENRE:NO die &#8222;CLUB27 EP&#8220; ver\u00f6ffentlicht haben, ein Tribut-Release an ber\u00fchmt ber\u00fcchtigte Musiklegenden die im Alter von 27 verstarben, wurde der Startschuss f\u00fcr ein musikalisches Jahr 2013 gesetzt.<\/p>\n<p>F\u00fcr Risiken und Nebenwirkungen fragen Sie ihren \u00f6rtlichen Partyguide oder nicken Sie zum Beat.<\/p>\n<p>&nbsp;<\/p>\n<p><code> <iframe loading=\"lazy\" src=\"https:\/\/w.soundcloud.com\/player\/?url=https%3A\/\/api.soundcloud.com\/users\/2632335&amp;color=ff5500&amp;auto_play=false&amp;hide_related=false&amp;show_comments=true&amp;show_user=true&amp;show_reposts=false\" width=\"100%\" height=\"450\" frameborder=\"no\" scrolling=\"no\"><\/iframe><br \/>\n<\/code><\/p>\n<p>&nbsp;<\/p>\n<p>&nbsp;<\/p>\n<p style=\"text-align: center;\"><div class=\"twocol-one\"><img loading=\"lazy\" decoding=\"async\" class=\"alignnone wp-image-155\" src=\"http:\/\/genre-no.com\/wp-content\/uploads\/2015\/08\/Pix_Cheese-ohoh-680x1024.jpg\" alt=\"CNO-ohoh\" width=\"340\" height=\"512\" srcset=\"http:\/\/genre-no.com\/wp-content\/uploads\/2015\/08\/Pix_Cheese-ohoh-680x1024.jpg 680w, http:\/\/genre-no.com\/wp-content\/uploads\/2015\/08\/Pix_Cheese-ohoh-199x300.jpg 199w, http:\/\/genre-no.com\/wp-content\/uploads\/2015\/08\/Pix_Cheese-ohoh-37x55.jpg 37w, http:\/\/genre-no.com\/wp-content\/uploads\/2015\/08\/Pix_Cheese-ohoh.jpg 1422w\" sizes=\"auto, (max-width: 340px) 100vw, 340px\" \/><\/div><\/p>\n<p style=\"text-align: center;\"><div class=\"twocol-one last\"><a href=\"http:\/\/genre-no.com\/wp-content\/uploads\/2015\/08\/CNO-Logo-wei\u00df.jpg\" target=\"_blank\"><img loading=\"lazy\" decoding=\"async\" class=\"alignnone wp-image-158\" src=\"http:\/\/genre-no.com\/wp-content\/uploads\/2015\/08\/CNO-Logo-wei\u00df-1024x727.jpg\" alt=\"CHEESE N ONION Logo\" width=\"346\" height=\"246\" srcset=\"http:\/\/genre-no.com\/wp-content\/uploads\/2015\/08\/CNO-Logo-wei\u00df-1024x727.jpg 1024w, http:\/\/genre-no.com\/wp-content\/uploads\/2015\/08\/CNO-Logo-wei\u00df-300x213.jpg 300w, http:\/\/genre-no.com\/wp-content\/uploads\/2015\/08\/CNO-Logo-wei\u00df-78x55.jpg 78w\" sizes=\"auto, (max-width: 346px) 100vw, 346px\" \/><\/a><\/div><\/p>\n<p>&nbsp;<\/p>\n","protected":false},"excerpt":{"rendered":"<p>SAY CHEEESE! Luca Libre und Aman Funk alias padrino &amp; stas, die altbekannte [&hellip;]<\/p>\n","protected":false},"author":1,"featured_media":158,"parent":298,"menu_order":2,"comment_status":"closed","ping_status":"closed","template":"page-templates\/full-width.php","meta":{"_exactmetrics_skip_tracking":false,"_exactmetrics_sitenote_active":false,"_exactmetrics_sitenote_note":"","_exactmetrics_sitenote_category":0,"footnotes":""},"class_list":["post-115","page","type-page","status-publish","has-post-thumbnail","hentry"],"_links":{"self":[{"href":"http:\/\/genre-no.com\/index.php?rest_route=\/wp\/v2\/pages\/115","targetHints":{"allow":["GET"]}}],"collection":[{"href":"http:\/\/genre-no.com\/index.php?rest_route=\/wp\/v2\/pages"}],"about":[{"href":"http:\/\/genre-no.com\/index.php?rest_route=\/wp\/v2\/types\/page"}],"author":[{"embeddable":true,"href":"http:\/\/genre-no.com\/index.php?rest_route=\/wp\/v2\/users\/1"}],"replies":[{"embeddable":true,"href":"http:\/\/genre-no.com\/index.php?rest_route=%2Fwp%2Fv2%2Fcomments&post=115"}],"version-history":[{"count":16,"href":"http:\/\/genre-no.com\/index.php?rest_route=\/wp\/v2\/pages\/115\/revisions"}],"predecessor-version":[{"id":345,"href":"http:\/\/genre-no.com\/index.php?rest_route=\/wp\/v2\/pages\/115\/revisions\/345"}],"up":[{"embeddable":true,"href":"http:\/\/genre-no.com\/index.php?rest_route=\/wp\/v2\/pages\/298"}],"wp:featuredmedia":[{"embeddable":true,"href":"http:\/\/genre-no.com\/index.php?rest_route=\/wp\/v2\/media\/158"}],"wp:attachment":[{"href":"http:\/\/genre-no.com\/index.php?rest_route=%2Fwp%2Fv2%2Fmedia&parent=115"}],"curies":[{"name":"wp","href":"https:\/\/api.w.org\/{rel}","templated":true}]}}